{"id":645,"date":"2020-12-01T15:15:06","date_gmt":"2020-12-01T15:15:06","guid":{"rendered":"http:\/\/ernaehrungsexpertise.ch\/?page_id=645"},"modified":"2024-08-30T13:41:47","modified_gmt":"2024-08-30T13:41:47","slug":"fachnewsletter","status":"publish","type":"page","link":"https:\/\/ernaehrungsexpertise.ch\/?page_id=645","title":{"rendered":"Fachnewsletter"},"content":{"rendered":"\n<h3 class=\"wp-block-heading has-text-color\" id=\"Anfang\" style=\"color:#2e4d58\">Ern\u00e4hrungsexpertise bietet aktuelle englischsprachige Ern\u00e4hrungsstudien kurz zusammengefasst auf Deutsch: H\u00f6r- und lesbar in je 10-12 Minuten (Audio und PDF).<\/h3>\n\n\n\n<figure class=\"wp-block-table\"><table><tbody><tr><td><img loading=\"lazy\" decoding=\"async\" width=\"250\" height=\"250\" class=\"wp-image-1093\" style=\"width: 250px;\" src=\"http:\/\/ernaehrungsexpertise.ch\/wp-content\/uploads\/2020\/12\/baseline_grade_black_48dp-1.png\" alt=\"\" srcset=\"https:\/\/ernaehrungsexpertise.ch\/wp-content\/uploads\/2020\/12\/baseline_grade_black_48dp-1.png 96w, https:\/\/ernaehrungsexpertise.ch\/wp-content\/uploads\/2020\/12\/baseline_grade_black_48dp-1-60x60.png 60w\" sizes=\"auto, (max-width: 250px) 100vw, 250px\" \/><\/td><td><strong>Mit dem Fachnewsletter sind Sie besser informiert \u00fcber aktuelle Forschungsergebnisse im Bereich Ern\u00e4hrung. Lassen Sie spannende Ergebnisse von Studien, welche kritisch analysiert und gepr\u00fcft wurden, in Ihre Gespr\u00e4che einfliessen.<\/strong><\/td><\/tr><tr><td><img loading=\"lazy\" decoding=\"async\" width=\"96\" height=\"96\" class=\"wp-image-1091\" style=\"width: 96px;\" src=\"http:\/\/ernaehrungsexpertise.ch\/wp-content\/uploads\/2020\/12\/baseline_360_black_48dp-1.png\" alt=\"\" srcset=\"https:\/\/ernaehrungsexpertise.ch\/wp-content\/uploads\/2020\/12\/baseline_360_black_48dp-1.png 96w, https:\/\/ernaehrungsexpertise.ch\/wp-content\/uploads\/2020\/12\/baseline_360_black_48dp-1-60x60.png 60w\" sizes=\"auto, (max-width: 96px) 100vw, 96px\" \/><\/td><td><strong>Wissenschaftsenglisch oder doch eher Fachchinesisch? Sie erhalten zusammengefasste Ern\u00e4hrungsstudien in deutscher Sprache. Sie k\u00f6nnen diese ausserdem zeit- und ortsunabh\u00e4ngig im gesch\u00fctzten Mitgliederbereich (online Plattform) mit einem pers\u00f6nlichen Login einsehen.<\/strong><\/td><\/tr><tr><td><img loading=\"lazy\" decoding=\"async\" width=\"96\" height=\"96\" class=\"wp-image-1084\" style=\"width: 96px;\" src=\"http:\/\/ernaehrungsexpertise.ch\/wp-content\/uploads\/2020\/12\/baseline_schedule_black_48dp.png\" alt=\"\" srcset=\"https:\/\/ernaehrungsexpertise.ch\/wp-content\/uploads\/2020\/12\/baseline_schedule_black_48dp.png 96w, https:\/\/ernaehrungsexpertise.ch\/wp-content\/uploads\/2020\/12\/baseline_schedule_black_48dp-60x60.png 60w\" sizes=\"auto, (max-width: 96px) 100vw, 96px\" \/><\/td><td><strong>Sie haben mehr Zeit f\u00fcr Patient*innen, denn der Fachnewsletter von Ern\u00e4hrungsexpertise spart Ihnen pro Monat bis zu 4 Arbeitstage f\u00fcr Literatursuche, Studien lesen und interpretieren ein. <\/strong><\/td><\/tr><\/tbody><\/table><\/figure>\n\n\n\n<p><br><a href=\"#Angebot\" data-type=\"internal\" data-id=\"#Angebot\">Was ist im Angebot enthalten?<\/a><\/p>\n\n\n\n<p><a href=\"https:\/\/ernaehrungsexpertise.ch\/?page_id=1818\" data-type=\"URL\" data-id=\"https:\/\/ernaehrungsexpertise.ch\/?page_id=1818\">Wie sieht ein Fachnewsletter aus?<\/a><\/p>\n\n\n\n<p><a href=\"#Mitglied\" data-type=\"internal\" data-id=\"#Mitglied\">Wie sieht der Mitgliederbereich (online Plattform) aus?<\/a><\/p>\n\n\n\n<p><a href=\"#Finden\" data-type=\"internal\" data-id=\"#Finden\">Wo finde ich die Studien-Zusammenfassungen im Mitgliederbereich?<\/a><\/p>\n\n\n\n<p><a href=\"#Zeit\" data-type=\"internal\" data-id=\"#Zeit\">Wie viel Zeit spart Ihnen der Fachnewsletter ein?<\/a><\/p>\n\n\n\n<p><a href=\"#Erstellung\" data-type=\"internal\" data-id=\"#Erstellung\">Wie wird eine Studien-Zusammenfassung erstellt?<\/a><\/p>\n\n\n\n<p><a href=\"#Fachthemen\" data-type=\"internal\" data-id=\"#Fachthemen\">Welche Fachthemen werden behandelt?<\/a><\/p>\n\n\n\n<p id=\"Angebot\"><a href=\"https:\/\/ernaehrungsexpertise.ch\/?page_id=204\" data-type=\"URL\" data-id=\"https:\/\/ernaehrungsexpertise.ch\/?page_id=204\">Wie viel kostet der Abo-Service?<\/a><\/p>\n\n\n\n<p id=\"Angebot\"><\/p>\n\n\n\n<p><\/p>\n\n\n\n<h3 class=\"wp-block-heading has-text-color\" style=\"color:#2e4d58\">Was ist im Angebot enthalten?<\/h3>\n\n\n\n<ul class=\"wp-block-list\">\n<li>Pro Monat erhalten Sie 3-4 aktuelle Ern\u00e4hrungsstudien kurz zusammengefasst auf Deutsch.Die Studien-Zusammenfassungen enthalten: Kernaussagen und Wichtigstes in K\u00fcrze, Zusammenfassung des Inhalts und der Methodik, Vor- und Nachteile des Studiendesigns, die Studienart und das vorgeschlagene Evidenzlevel sowie Empfehlungen f\u00fcr die Praxis. Die Studien-Zusammenfassungen sind in der Regel 2-3 Seiten lang (siehe auch: <a href=\"https:\/\/ernaehrungsexpertise.ch\/?page_id=1818\" data-type=\"URL\" data-id=\"https:\/\/ernaehrungsexpertise.ch\/?page_id=1818\">Wie sieht ein Fachnewsletter aus?<\/a>)<\/li>\n\n\n\n<li>Sie erhalten einen pers\u00f6nlichen, passwortgesch\u00fctzten Zugang, um in den Mitgliederbereich (online Plattform) von Ern\u00e4hrungsexpertise zu gelangen. Sie k\u00f6nnen Ihr pers\u00f6nliches Passwort jederzeit auf dieser Website \u00e4ndern. Im Mitgliederbereich haben Sie Einsicht in den aktuellen Fachnewsletter mit Studien-Zusammenfassungen und einen Archivbereich f\u00fcr vorherige Zusammenfassungen (siehe auch: <a href=\"#Mitglied\" data-type=\"internal\" data-id=\"#Mitglied\">Wie sieht der Mitgliederbereich aus?<\/a>). <\/li>\n\n\n\n<li>Monatlich erhalten Sie eine E-Mail, sobald der neuste Fachnewsletter auf der Mitgliederplattform aufgeschaltet ist.<\/li>\n<\/ul>\n\n\n\n<figure class=\"wp-block-image size-large\"><img loading=\"lazy\" decoding=\"async\" width=\"300\" height=\"267\" src=\"https:\/\/ernaehrungsexpertise.ch\/wp-content\/uploads\/2024\/08\/Ausschnitt-SZF-300x267.png\" alt=\"\" class=\"wp-image-5185\" srcset=\"https:\/\/ernaehrungsexpertise.ch\/wp-content\/uploads\/2024\/08\/Ausschnitt-SZF-300x267.png 300w, https:\/\/ernaehrungsexpertise.ch\/wp-content\/uploads\/2024\/08\/Ausschnitt-SZF-768x683.png 768w, https:\/\/ernaehrungsexpertise.ch\/wp-content\/uploads\/2024\/08\/Ausschnitt-SZF-67x60.png 67w, https:\/\/ernaehrungsexpertise.ch\/wp-content\/uploads\/2024\/08\/Ausschnitt-SZF.png 785w\" sizes=\"auto, (max-width: 300px) 100vw, 300px\" \/><\/figure>\n\n\n\n<h3 class=\"wp-block-heading has-text-color\" id=\"Mitglied\" style=\"color:#2e4d58\">Wie sieht der Mitgliederbereich (online Plattform) aus?<\/h3>\n\n\n\n<p>Die aktuellsten Beitr\u00e4ge sind jederzeit zuoberst auf der Startseite des Mitgliederbereichs ersichtlich. Die Kategorien geben einen \u00dcberblick \u00fcber alle bisherigen im Fachnewsletter behandelten Themen. Ausserdem haben Sie mit der Such-Funktion die M\u00f6glichkeit, individuelle Abfragen von Studien-Zusammenfassungen zu machen.<\/p>\n\n\n<div id=\"pl-gb645-69de9e8878b62\"  class=\"panel-layout wp-block-siteorigin-panels-layout-block panel-layout\" ><div id=\"pg-gb645-69de9e8878b62-0\"  class=\"panel-grid panel-no-style\" ><div id=\"pgc-gb645-69de9e8878b62-0-0\"  class=\"panel-grid-cell\" ><div id=\"panel-gb645-69de9e8878b62-0-0-0\" class=\"so-panel widget widget_media_image panel-first-child panel-last-child\" data-index=\"0\" ><img loading=\"lazy\" decoding=\"async\" width=\"1205\" height=\"917\" src=\"https:\/\/ernaehrungsexpertise.ch\/wp-content\/uploads\/2022\/03\/Mitgliederbereich-1.png\" class=\"image wp-image-3233  attachment-full size-full\" alt=\"\" style=\"max-width: 100%; height: auto;\" srcset=\"https:\/\/ernaehrungsexpertise.ch\/wp-content\/uploads\/2022\/03\/Mitgliederbereich-1.png 1205w, https:\/\/ernaehrungsexpertise.ch\/wp-content\/uploads\/2022\/03\/Mitgliederbereich-1-300x228.png 300w, https:\/\/ernaehrungsexpertise.ch\/wp-content\/uploads\/2022\/03\/Mitgliederbereich-1-768x584.png 768w, https:\/\/ernaehrungsexpertise.ch\/wp-content\/uploads\/2022\/03\/Mitgliederbereich-1-79x60.png 79w, https:\/\/ernaehrungsexpertise.ch\/wp-content\/uploads\/2022\/03\/Mitgliederbereich-1-110x83.png 110w\" sizes=\"auto, (max-width: 1205px) 100vw, 1205px\" \/><\/div><\/div><\/div><\/div>\n\n\n<p><\/p>\n\n\n\n<p>Die Stichw\u00f6rter von A-Z unterst\u00fctzen dabei, Studien-Zusammenfassungen zu einem bestimmten Thema zu finden:<\/p>\n\n\n\n<p><\/p>\n\n\n<div id=\"pl-gb645-69de9e8879669\"  class=\"panel-layout wp-block-siteorigin-panels-layout-block panel-layout\" ><div id=\"pg-gb645-69de9e8879669-0\"  class=\"panel-grid panel-no-style\" ><div id=\"pgc-gb645-69de9e8879669-0-0\"  class=\"panel-grid-cell\" ><div id=\"panel-gb645-69de9e8879669-0-0-0\" class=\"so-panel widget widget_media_image panel-first-child panel-last-child\" data-index=\"0\" ><img loading=\"lazy\" decoding=\"async\" width=\"1193\" height=\"484\" src=\"https:\/\/ernaehrungsexpertise.ch\/wp-content\/uploads\/2022\/03\/Mitgliederbereich-2.png\" class=\"image wp-image-3236  attachment-full size-full\" alt=\"\" style=\"max-width: 100%; height: auto;\" srcset=\"https:\/\/ernaehrungsexpertise.ch\/wp-content\/uploads\/2022\/03\/Mitgliederbereich-2.png 1193w, https:\/\/ernaehrungsexpertise.ch\/wp-content\/uploads\/2022\/03\/Mitgliederbereich-2-300x122.png 300w, https:\/\/ernaehrungsexpertise.ch\/wp-content\/uploads\/2022\/03\/Mitgliederbereich-2-768x312.png 768w, https:\/\/ernaehrungsexpertise.ch\/wp-content\/uploads\/2022\/03\/Mitgliederbereich-2-148x60.png 148w\" sizes=\"auto, (max-width: 1193px) 100vw, 1193px\" \/><\/div><\/div><\/div><\/div>\n\n\n<p><\/p>\n\n\n\n<p>Mit der Archiv-Funktion finden Sie alle bisherigen Studien-Zusammenfassungen nach publiziertem Monat:<\/p>\n\n\n<div id=\"pl-gb645-69de9e8879c33\"  class=\"panel-layout wp-block-siteorigin-panels-layout-block panel-layout\" ><div id=\"pg-gb645-69de9e8879c33-0\"  class=\"panel-grid panel-no-style\" ><div id=\"pgc-gb645-69de9e8879c33-0-0\"  class=\"panel-grid-cell\" ><div id=\"panel-gb645-69de9e8879c33-0-0-0\" class=\"so-panel widget widget_media_image panel-first-child panel-last-child\" data-index=\"0\" ><img loading=\"lazy\" decoding=\"async\" width=\"1037\" height=\"756\" src=\"https:\/\/ernaehrungsexpertise.ch\/wp-content\/uploads\/2022\/03\/Mitgliederbereich-3.png\" class=\"image wp-image-3234  attachment-full size-full\" alt=\"\" style=\"max-width: 100%; height: auto;\" srcset=\"https:\/\/ernaehrungsexpertise.ch\/wp-content\/uploads\/2022\/03\/Mitgliederbereich-3.png 1037w, https:\/\/ernaehrungsexpertise.ch\/wp-content\/uploads\/2022\/03\/Mitgliederbereich-3-300x219.png 300w, https:\/\/ernaehrungsexpertise.ch\/wp-content\/uploads\/2022\/03\/Mitgliederbereich-3-768x560.png 768w, https:\/\/ernaehrungsexpertise.ch\/wp-content\/uploads\/2022\/03\/Mitgliederbereich-3-82x60.png 82w\" sizes=\"auto, (max-width: 1037px) 100vw, 1037px\" \/><\/div><\/div><\/div><\/div>\n\n\n<p id=\"Zeit\"><\/p>\n\n\n\n<p><\/p>\n\n\n\n<h3 class=\"wp-block-heading has-text-color\" style=\"color:#2e4d58\">Wie viel Zeit spart Ihnen der Fachnewsletter ein?<\/h3>\n\n\n\n<h5 class=\"wp-block-heading has-text-color\" style=\"color:#2e4d58\">Nur eine aktuelle englischsprachige Ern\u00e4hrungsstudie zu suchen, lesen und interpretieren bedeutet f\u00fcr eine Fachperson bis zu 500 Minuten Arbeit.<\/h5>\n\n\n<div class=\"wp-block-image\">\n<figure class=\"aligncenter size-large\"><img loading=\"lazy\" decoding=\"async\" width=\"300\" height=\"207\" src=\"http:\/\/ernaehrungsexpertise.ch\/wp-content\/uploads\/2021\/01\/Ernaehrungsexpertise_Zeitersparnis-300x207.png\" alt=\"\" class=\"wp-image-1692\" srcset=\"https:\/\/ernaehrungsexpertise.ch\/wp-content\/uploads\/2021\/01\/Ernaehrungsexpertise_Zeitersparnis-300x207.png 300w, https:\/\/ernaehrungsexpertise.ch\/wp-content\/uploads\/2021\/01\/Ernaehrungsexpertise_Zeitersparnis-87x60.png 87w, https:\/\/ernaehrungsexpertise.ch\/wp-content\/uploads\/2021\/01\/Ernaehrungsexpertise_Zeitersparnis.png 609w\" sizes=\"auto, (max-width: 300px) 100vw, 300px\" \/><\/figure><\/div>\n\n\n<figure class=\"wp-block-table is-style-stripes\"><table><tbody><tr><td>1. Studie suchen (mit oder ohne key words)<\/td><td>15-30 min.<\/td><\/tr><tr><td>2. Studie lesen &amp; verstehen (Englisch)<\/td><td>60-180 min.<\/td><\/tr><tr><td>3. Studie analysieren (je nach Studienart)<\/td><td>120-240 min.<\/td><\/tr><tr><td>4. Empfehlungen ableiten <\/td><td>bis zu 60 min.<\/td><\/tr><tr><td>= TOTAL f\u00fcr eine Studie<\/td><td>ca. 300-500 min.<br>ca. 4-8 h<\/td><\/tr><\/tbody><\/table><figcaption class=\"wp-element-caption\">Durchschnittliche Berechnung anhand von eigenen Erfahrungen als Ern\u00e4hrungsberaterin (2020)<\/figcaption><\/figure>\n\n\n\n<h3 class=\"wp-block-heading has-text-color\" id=\"Erstellung\" style=\"color:#2e4d58\"><br><br>Wie wird eine Studien-Zusammenfassung erstellt?<\/h3>\n\n\n\n<div class=\"wp-block-columns is-layout-flex wp-container-core-columns-is-layout-9d6595d7 wp-block-columns-is-layout-flex\">\n<div class=\"wp-block-column is-layout-flow wp-block-column-is-layout-flow\">\n<p class=\"has-text-color has-background\" style=\"color:#2e4d58;background-color:#d3c3c3;font-size:25px\"><strong>1. Studiensuche<\/strong><\/p>\n\n\n\n<p class=\"has-text-color has-background\" style=\"color:#2e4d58;background-color:#d3c3c3\">Die Studiensuche erfolgt \u00fcber internationale medizinische Datenbanken (z. B. Pubmed, Cochrane, Ovid). Die Suchw\u00f6rter werden je nach Studienfrage und Interesse abgefragt. Sie k\u00f6nnen auch gerne einen Themenwunsch bei uns eingeben, per Mail an erb@ernaehrungsexpertise.ch<br><br><\/p>\n<\/div>\n\n\n\n<div class=\"wp-block-column is-layout-flow wp-block-column-is-layout-flow\">\n<p class=\"has-text-color has-background\" style=\"color:#2e4d58;background-color:#d3c3c3;font-size:25px\"><strong>2. Studie lesen<\/strong>, <strong>Beitrag schreiben<\/strong><\/p>\n\n\n\n<p class=\"has-text-color has-background\" style=\"color:#2e4d58;background-color:#d3c3c3\">Die englischsprachigen Studien werden von den Schreiberinnen genau gelesen, auf ca. den Umfang von 1.5 Seiten gek\u00fcrzt und auf deutsch \u00fcbersetzt. Die Beitr\u00e4ge beinhalten die Kernaussagen, die Studienbeschreibung, die Studienresultate, die kritische Interpretation und die Ableitung f\u00fcr die Praxis.<br><br><br><\/p>\n<\/div>\n<\/div>\n\n\n\n<div class=\"wp-block-columns is-layout-flex wp-container-core-columns-is-layout-9d6595d7 wp-block-columns-is-layout-flex\">\n<div class=\"wp-block-column is-layout-flow wp-block-column-is-layout-flow\">\n<p class=\"has-text-color has-background\" style=\"color:#2e4d58;background-color:#d3c3c3;font-size:25px\"><strong>3. Studienanalyse<\/strong><\/p>\n\n\n\n<p class=\"has-text-color has-background\" style=\"color:#2e4d58;background-color:#d3c3c3\">Das Evidenzlevel der Studie wird von 1a bis 5 nach CEBM analysiert (Oxford Centre for Evidence-based Medicine Levels of Evidence, M\u00e4rz 2009). Die Methodik und Ergebnisse der Studien werden nach den CASP-Checklisten (Critical Appraisal Skills Programme, www.casp-uk.net) je nach Studienart anhand von ca. 10 Fragen analysiert und Vor- und Nachteile aufgezeigt.<\/p>\n<\/div>\n\n\n\n<div class=\"wp-block-column is-layout-flow wp-block-column-is-layout-flow\">\n<p class=\"has-text-color has-background\" style=\"color:#2e4d58;background-color:#d3c3c3;font-size:25px\"><strong>4. Aufbereitung<\/strong><\/p>\n\n\n\n<p class=\"has-text-color has-background\" style=\"color:#2e4d58;background-color:#d3c3c3\">Nach der Revision durch die Herausgeberin werden die Studien-Zusammenfassungen zum Schluss f\u00fcr die Website aufbereitet (PDF und Audio) und mit Quellenangaben versehen.<br><br><\/p>\n<\/div>\n<\/div>\n\n\n\n<p id=\"Fachthemen\"><\/p>\n\n\n\n<h2 class=\"wp-block-heading has-text-color\" style=\"color:#2e4d58\">Welche Fachthemen werden behandelt?<\/h2>\n\n\n\n<p>Fachthemen aus allen Bereichen der Ern\u00e4hrungsberatung und -therapie werden behandelt. Ern\u00e4hrungsexpertise deckt mit den Studien-Zusammenfassungen sowohl den station\u00e4ren wie auch ambulanten Themenbereich ab. Die Auswahl der Fachthemen erfolgt durch das Team von Ern\u00e4hrungsexpertise. Das Ziel ist, aktuelle und interessante Fachthemen aufzugreifen, welche f\u00fcr alle Abonnent*innen relevant sind.<\/p>\n\n\n\n<p>Die <strong>Hauptkategorien <\/strong>im Mitgliederbereich sind: <\/p>\n\n\n\n<ul class=\"wp-block-list\">\n<li><strong>1: Stoffwechselerkrankungen <\/strong>(z. B. Diabetes Mellitus, Gestationsdiabetes, Schilddr\u00fcsenerkrankung)<\/li>\n\n\n\n<li><strong>2: Adipositas und \u00dcbergewicht<\/strong> (z. B. Kinder und Erwachsene, Bariatrie)<\/li>\n\n\n\n<li><strong>3: Herz-Kreislauf-Erkrankungen <\/strong>(z. B. arterielle Hypertonie, Stroke)<\/li>\n\n\n\n<li><strong>4: Krankheiten des Verdauungssystems<\/strong> (z. B. Reizdarmsyndrom, Pankreas- und Lebererkrankungen)<\/li>\n\n\n\n<li><strong>5: Nierenerkrankungen<\/strong> (z. B. Dialyse-Snacks)<\/li>\n\n\n\n<li><strong>6: Fehl- und Mangelern\u00e4hrung<\/strong> (z. B. Essst\u00f6rungen, Onkologie)<\/li>\n\n\n\n<li><strong>7: Nahrungsmittelallergien und -intoleranzen<\/strong> (z. B. Z\u00f6liakie, NCGS, Histaminintoleranz, Lactoseintoleranz, Fructoseintoleranz, Kuhmilcheiweissallergie)<\/li>\n\n\n\n<li><strong>8: Gesundheitsf\u00f6rderung und Pr\u00e4vention<\/strong> (z. B. Pr\u00e4vention einer Erkrankung durch die Ern\u00e4hrung, gesunde Ern\u00e4hrung)<\/li>\n\n\n\n<li><strong>9: Sportern\u00e4hrung<\/strong><\/li>\n\n\n\n<li><strong>Weitere Themen:<\/strong> rheumatische Erkrankungen, Psychologie, Ern\u00e4hrung aller Altersgruppen, alternative Ern\u00e4hrungsformen (z. B. vegane, vegetarische Ern\u00e4hrung), Ern\u00e4hrungsarten f\u00fcr die Gewichtsreduktion, Covid-19, Wirksamkeit der Ern\u00e4hrungstherapie, klinische Ern\u00e4hrungstherapie, Nachhaltigkeit, Migr\u00e4ne, Mikrobiota und viele mehr&#8230;<\/li>\n<\/ul>\n\n\n\n<p><\/p>\n","protected":false},"excerpt":{"rendered":"<p>Fachnewsletter: Hier finden Sie aktuelle englischsprachige Ern\u00e4hrungsstudien kurz zusammengefasst.<\/p>\n","protected":false},"author":283,"featured_media":5211,"parent":409,"menu_order":0,"comment_status":"closed","ping_status":"closed","template":"","meta":{"episode_type":"","audio_file":"","podmotor_file_id":"","podmotor_episode_id":"","cover_image":"","cover_image_id":"","duration":"","filesize":"","filesize_raw":"","date_recorded":"","explicit":"","block":"","itunes_episode_number":"","itunes_title":"","itunes_season_number":"","itunes_episode_type":"","footnotes":""},"class_list":["post-645","page","type-page","status-publish","has-post-thumbnail","hentry","latest_post"],"_links":{"self":[{"href":"https:\/\/ernaehrungsexpertise.ch\/index.php?rest_route=\/wp\/v2\/pages\/645","targetHints":{"allow":["GET"]}}],"collection":[{"href":"https:\/\/ernaehrungsexpertise.ch\/index.php?rest_route=\/wp\/v2\/pages"}],"about":[{"href":"https:\/\/ernaehrungsexpertise.ch\/index.php?rest_route=\/wp\/v2\/types\/page"}],"author":[{"embeddable":true,"href":"https:\/\/ernaehrungsexpertise.ch\/index.php?rest_route=\/wp\/v2\/users\/283"}],"replies":[{"embeddable":true,"href":"https:\/\/ernaehrungsexpertise.ch\/index.php?rest_route=%2Fwp%2Fv2%2Fcomments&post=645"}],"version-history":[{"count":287,"href":"https:\/\/ernaehrungsexpertise.ch\/index.php?rest_route=\/wp\/v2\/pages\/645\/revisions"}],"predecessor-version":[{"id":5237,"href":"https:\/\/ernaehrungsexpertise.ch\/index.php?rest_route=\/wp\/v2\/pages\/645\/revisions\/5237"}],"up":[{"embeddable":true,"href":"https:\/\/ernaehrungsexpertise.ch\/index.php?rest_route=\/wp\/v2\/pages\/409"}],"wp:featuredmedia":[{"embeddable":true,"href":"https:\/\/ernaehrungsexpertise.ch\/index.php?rest_route=\/wp\/v2\/media\/5211"}],"wp:attachment":[{"href":"https:\/\/ernaehrungsexpertise.ch\/index.php?rest_route=%2Fwp%2Fv2%2Fmedia&parent=645"}],"curies":[{"name":"wp","href":"https:\/\/api.w.org\/{rel}","templated":true}]}}