{"id":3849,"date":"2022-07-13T09:29:38","date_gmt":"2022-07-13T09:29:38","guid":{"rendered":"https:\/\/ernaehrungsexpertise.ch\/?page_id=3849"},"modified":"2024-08-30T13:43:24","modified_gmt":"2024-08-30T13:43:24","slug":"die-5-beliebtesten-beitraege-2021-2022","status":"publish","type":"page","link":"https:\/\/ernaehrungsexpertise.ch\/?page_id=3849","title":{"rendered":"Die beliebtesten Beitr\u00e4ge seit April 2024"},"content":{"rendered":"\n<h2 class=\"wp-block-heading\"><span style=\"color: revert; font-size: revert; font-weight: revert;\">Sommerlekt\u00fcre gew\u00fcnscht?\u00a0<\/span>Das sind unsere meistgeklickten Fachnewsletter-Beitr\u00e4ge vom laufenden Jahr<\/h2>\n\n\n<p>Interessante Studienergebnisse von A wie Adipositas bis Z wie Z\u00f6liakie werden thematisiert und kritisch vom Schreiberinnen-Team analysiert. Der digitale Fachnewsletter beinhaltet 3-4 Studien-Zusammenfassungen pro Monat, welche auf unserer gesch\u00fctzten Mitgliederplattform 365 Tage im Jahr abruf- und herunterladbar sind. Jeder Beitrag ist in innerhalb von 10-12 Minuten les- und h\u00f6rbar (PDF und Audio)!<\/p>\n<h2>1. Platz: ChatGPT in der Ern\u00e4hrungsberatung<\/h2>\n\n\n<figure class=\"wp-block-image size-large\"><img loading=\"lazy\" decoding=\"async\" width=\"300\" height=\"276\" src=\"https:\/\/ernaehrungsexpertise.ch\/wp-content\/uploads\/2024\/08\/ChatGPT-300x276.png\" alt=\"\" class=\"wp-image-5198\" srcset=\"https:\/\/ernaehrungsexpertise.ch\/wp-content\/uploads\/2024\/08\/ChatGPT-300x276.png 300w, https:\/\/ernaehrungsexpertise.ch\/wp-content\/uploads\/2024\/08\/ChatGPT-65x60.png 65w, https:\/\/ernaehrungsexpertise.ch\/wp-content\/uploads\/2024\/08\/ChatGPT.png 408w\" sizes=\"auto, (max-width: 300px) 100vw, 300px\" \/><\/figure>\n\n\n\n<p>ChatGPT und andere zuk\u00fcnftige Chatbots, als textbasierte Dialogsysteme, welche sich mit Menschen unterhalten k\u00f6nnen, machen Ern\u00e4hrungsinformation f\u00fcr die \u00d6ffentlichkeit zug\u00e4nglicher. Sie reagieren auf Anfragen von und in der Sprache der Gebraucher*innen, was heisst, dass die Qualit\u00e4t der Antworten durch die der Anfragen mitbestimmt wird. KI ist eine Realit\u00e4t, mit der sich Ern\u00e4hrungsfachpersonen im Rahmen der digitalen Transformation auseinandersetzen m\u00fcssen. Zurzeit sollten Resultate, welche durch ChatGPT generiert werden, kritisch betrachtet werden.<\/p>\n\n\n\n<p>Evidenzbasiertes Wissen, Korrektheit und Datenschutz wird nicht garantiert.<\/p>\n\n\n\n<div class=\"wp-block-buttons is-content-justification-center is-layout-flex wp-container-core-buttons-is-layout-16018d1d wp-block-buttons-is-layout-flex\">\n<div class=\"wp-block-button is-style-fill\"><a class=\"wp-block-button__link has-background wp-element-button\" href=\"https:\/\/ernaehrungsexpertise.ch\/?p=4988\" style=\"border-radius:13px;background-color:#2e4d58\">Zum Beitrag<\/a><\/div>\n<\/div>\n\n\n\n<p><\/p>\n\n\n\n<h2 class=\"wp-block-heading\">2. Platz:<strong> <\/strong>Einfluss von Chrononutrition auf die kardiovaskul\u00e4re Gesundheit<\/h2>\n\n\n\n<figure class=\"wp-block-image size-large\"><img loading=\"lazy\" decoding=\"async\" width=\"300\" height=\"200\" src=\"https:\/\/ernaehrungsexpertise.ch\/wp-content\/uploads\/2024\/08\/circadian-rhythm-300x200.png\" alt=\"\" class=\"wp-image-5199\" srcset=\"https:\/\/ernaehrungsexpertise.ch\/wp-content\/uploads\/2024\/08\/circadian-rhythm-300x200.png 300w, https:\/\/ernaehrungsexpertise.ch\/wp-content\/uploads\/2024\/08\/circadian-rhythm-768x512.png 768w, https:\/\/ernaehrungsexpertise.ch\/wp-content\/uploads\/2024\/08\/circadian-rhythm-1536x1024.png 1536w, https:\/\/ernaehrungsexpertise.ch\/wp-content\/uploads\/2024\/08\/circadian-rhythm-2048x1365.png 2048w, https:\/\/ernaehrungsexpertise.ch\/wp-content\/uploads\/2024\/08\/circadian-rhythm-90x60.png 90w, https:\/\/ernaehrungsexpertise.ch\/wp-content\/uploads\/2024\/08\/circadian-rhythm-272x182.png 272w\" sizes=\"auto, (max-width: 300px) 100vw, 300px\" \/><\/figure>\n\n\n\n<p>Die Ern\u00e4hrung beeinflusst unsere innere Uhr \u2013 unseren zirkadianen Rhythmus. N\u00e4chtliches Essen kann in diesen Rhythmus eingreifen und so zu metabolischen St\u00f6rungen f\u00fchren. Die prospektive Studie hat anhand einer grossen Studienpopulation in Frankreich den Einfluss von sp\u00e4tem sowie n\u00e4chtlichem Essen auf die kardio- und zerebrovaskul\u00e4re Gesundheit untersucht. Die Ergebnisse zeigen, dass sp\u00e4tes Essen und eine kurze n\u00e4chtliche N\u00fcchternphase das Risiko f\u00fcr diverse Erkrankungen erh\u00f6hen k\u00f6nnte.<\/p>\n\n\n\n<div class=\"wp-block-buttons is-content-justification-center is-layout-flex wp-container-core-buttons-is-layout-16018d1d wp-block-buttons-is-layout-flex\">\n<div class=\"wp-block-button alignleft is-style-fill\"><a class=\"wp-block-button__link has-background wp-element-button\" href=\"https:\/\/ernaehrungsexpertise.ch\/?p=4993\" style=\"border-radius:13px;background-color:#2e4d58\">Zum Beitrag<\/a><\/div>\n<\/div>\n\n\n\n<p><\/p>\n\n\n\n<h2 class=\"wp-block-heading\">3. Platz: Ketose und Migr\u00e4ne<\/h2>\n\n\n\n<figure class=\"wp-block-image size-large\"><img loading=\"lazy\" decoding=\"async\" width=\"300\" height=\"200\" src=\"https:\/\/ernaehrungsexpertise.ch\/wp-content\/uploads\/2024\/06\/ketogenic-low-carbs-diet-food-selection-white-wall-300x200.jpg\" alt=\"\" class=\"wp-image-5071\" srcset=\"https:\/\/ernaehrungsexpertise.ch\/wp-content\/uploads\/2024\/06\/ketogenic-low-carbs-diet-food-selection-white-wall-300x200.jpg 300w, https:\/\/ernaehrungsexpertise.ch\/wp-content\/uploads\/2024\/06\/ketogenic-low-carbs-diet-food-selection-white-wall-768x512.jpg 768w, https:\/\/ernaehrungsexpertise.ch\/wp-content\/uploads\/2024\/06\/ketogenic-low-carbs-diet-food-selection-white-wall-1536x1024.jpg 1536w, https:\/\/ernaehrungsexpertise.ch\/wp-content\/uploads\/2024\/06\/ketogenic-low-carbs-diet-food-selection-white-wall-2048x1366.jpg 2048w, https:\/\/ernaehrungsexpertise.ch\/wp-content\/uploads\/2024\/06\/ketogenic-low-carbs-diet-food-selection-white-wall-90x60.jpg 90w, https:\/\/ernaehrungsexpertise.ch\/wp-content\/uploads\/2024\/06\/ketogenic-low-carbs-diet-food-selection-white-wall-272x182.jpg 272w\" sizes=\"auto, (max-width: 300px) 100vw, 300px\" \/><\/figure>\n\n\n\n<p>Ein vielversprechender Ansatz ist die ketogene Ern\u00e4hrung, durch welche die Glukose-Brennstoffquelle im Gehirn durch Ketonk\u00f6rper ersetzt wird. Das k\u00f6nnte die H\u00e4ufigkeit und Schwere der Migr\u00e4neattacken verringern. Diese Studienergebnisse deuten darauf hin, dass die ketogene Stoffwechseltherapie einen gewissen Nutzen bei der Behandlung von Migr\u00e4ne haben k\u00f6nnte. Aufgrund der geringen Studienanzahl und dem fehlenden Zugang zu allen klinischen Daten kann keine abschliessende Korrelation bez\u00fcglich<br>der Effizienz von KD und Migr\u00e4ne hergestellt werden.<\/p>\n\n\n\n<div class=\"wp-block-buttons is-content-justification-center is-layout-flex wp-container-core-buttons-is-layout-16018d1d wp-block-buttons-is-layout-flex\">\n<div class=\"wp-block-button is-style-fill\"><a class=\"wp-block-button__link has-background wp-element-button\" href=\"https:\/\/ernaehrungsexpertise.ch\/?p=5083\" style=\"border-radius:13px;background-color:#2e4d58\">Zum Beitrag<\/a><\/div>\n<\/div>\n\n\n\n<p><\/p>\n\n\n\n<p><\/p>\n\n\n\n<p><\/p>\n\n\n\n<h2 class=\"wp-block-heading\"><\/h2>\n","protected":false},"excerpt":{"rendered":"<p>Sommerlekt\u00fcre gew\u00fcnscht?\u00a0Das sind unsere meistgeklickten Fachnewsletter-Beitr\u00e4ge vom laufenden Jahr Interessante Studienergebnisse von A wie Adipositas bis Z wie Z\u00f6liakie werden thematisiert und kritisch vom Schreiberinnen-Team analysiert. Der digitale Fachnewsletter beinhaltet 3-4 Studien-Zusammenfassungen pro Monat, welche auf unserer gesch\u00fctzten Mitgliederplattform 365 Tage im Jahr abruf- und herunterladbar sind. Jeder Beitrag ist in innerhalb von 10-12 Minuten &hellip; <\/p>\n","protected":false},"author":283,"featured_media":5238,"parent":0,"menu_order":0,"comment_status":"closed","ping_status":"closed","template":"","meta":{"episode_type":"","audio_file":"","podmotor_file_id":"","podmotor_episode_id":"","cover_image":"","cover_image_id":"","duration":"","filesize":"","filesize_raw":"","date_recorded":"","explicit":"","block":"","itunes_episode_number":"","itunes_title":"","itunes_season_number":"","itunes_episode_type":"","footnotes":""},"class_list":["post-3849","page","type-page","status-publish","has-post-thumbnail","hentry","latest_post"],"_links":{"self":[{"href":"https:\/\/ernaehrungsexpertise.ch\/index.php?rest_route=\/wp\/v2\/pages\/3849","targetHints":{"allow":["GET"]}}],"collection":[{"href":"https:\/\/ernaehrungsexpertise.ch\/index.php?rest_route=\/wp\/v2\/pages"}],"about":[{"href":"https:\/\/ernaehrungsexpertise.ch\/index.php?rest_route=\/wp\/v2\/types\/page"}],"author":[{"embeddable":true,"href":"https:\/\/ernaehrungsexpertise.ch\/index.php?rest_route=\/wp\/v2\/users\/283"}],"replies":[{"embeddable":true,"href":"https:\/\/ernaehrungsexpertise.ch\/index.php?rest_route=%2Fwp%2Fv2%2Fcomments&post=3849"}],"version-history":[{"count":59,"href":"https:\/\/ernaehrungsexpertise.ch\/index.php?rest_route=\/wp\/v2\/pages\/3849\/revisions"}],"predecessor-version":[{"id":5202,"href":"https:\/\/ernaehrungsexpertise.ch\/index.php?rest_route=\/wp\/v2\/pages\/3849\/revisions\/5202"}],"wp:featuredmedia":[{"embeddable":true,"href":"https:\/\/ernaehrungsexpertise.ch\/index.php?rest_route=\/wp\/v2\/media\/5238"}],"wp:attachment":[{"href":"https:\/\/ernaehrungsexpertise.ch\/index.php?rest_route=%2Fwp%2Fv2%2Fmedia&parent=3849"}],"curies":[{"name":"wp","href":"https:\/\/api.w.org\/{rel}","templated":true}]}}