{"id":3,"date":"2020-11-10T15:33:48","date_gmt":"2020-11-10T15:33:48","guid":{"rendered":"http:\/\/ernaehrungsexpertise.ch\/?page_id=3"},"modified":"2024-03-20T08:08:47","modified_gmt":"2024-03-20T08:08:47","slug":"privacy-policy","status":"publish","type":"page","link":"https:\/\/ernaehrungsexpertise.ch\/?page_id=3","title":{"rendered":"Datenschutz"},"content":{"rendered":"\n<h3 class=\"wp-block-heading\" id=\"wer-sind-wir\">Kontaktdaten Verantwortliche Datenschutz im Sinne des DSG:<\/h3>\n\n\n\n<p>Simone F\u00f6hn c\/o Logop\u00e4die im Zentrum AG Vordere Vorstadt 8 5000 Aarau<\/p>\n\n\n\n<p> Website-Adresse: http:\/\/ernaehrungsexpertise.ch E-Mail-Kontakt erb@ernaehrungsexpertise.ch<\/p>\n\n\n\n<p><strong>Beschreibung und Umfang der Datenbearbeitung<\/strong><\/p>\n\n\n\n<p>Wenn Sie auf unsere Website zugreifen, d.h., selbst wenn Sie sich nicht f\u00fcr ein Fachnewsletter-Abonnement registrieren oder anderweitig Informationen \u00fcbermitteln, werden automatisch Informationen allgemeiner Natur erfasst. Diese Informationen (Server-Logfiles) beinhalten etwa die Art des verwendeten Webbrowsers, das verwendete Betriebssystem, den Domainnamen Ihres Internet-Service-Providers, Ihre IP-Adresse, Referrer-URL, Datum und Uhrzeit des Zugriffs etc. Sie werden insbesondere zu nachfolgenden Zwecken bearbeitet:<\/p>\n\n\n\n<ol class=\"wp-block-list\">\n<li>Sicherstellung eines problemlosen Verbindungsaufbaus der Website<\/li>\n\n\n\n<li>Sicherstellung einer reibungslosen Nutzung unserer Website sowie<\/li>\n\n\n\n<li>Sicherstellung und Auswertung der Systemsicherheit und -stabilit\u00e4t, insbesondere zur Missbrauchserkennung sowie<\/li>\n\n\n\n<li>zur technisch fehlerfreien Darstellung und Optimierung unserer Website.<\/li>\n<\/ol>\n\n\n\n<p>Die Daten werden ebenfalls in den Logfiles unseres Systems gespeichert. Eine Speicherung dieser Daten zusammen mit anderen Personendaten des Nutzers, der Nutzerin findet nicht statt. Wir verwenden Ihre Daten nicht, um R\u00fcckschl\u00fcsse auf Ihre Person zu ziehen. Allerdings behalten wir uns vor, die Server-Logfiles nachtr\u00e4glich zu \u00fcberpr\u00fcfen, sollten konkrete Anhaltspunkte auf eine rechtswidrige Nutzung hinweisen.<\/p>\n\n\n\n<p><strong>Kontaktformular<\/strong><\/p>\n\n\n\n<p>Auf unserer Website ist ein Kontaktformular vorhanden, welches f\u00fcr die elektronische Kontaktaufnahme genutzt werden kann. Nehmen Sie diese M\u00f6glichkeit wahr, so werden die in der Eingabemaske eingegeben Personendaten an uns \u00fcbermittelt und gespeichert. Die Verarbeitung Ihrer Personendaten dient uns allein zur Bearbeitung Ihrer Anfrage.<\/p>\n\n\n\n<p>Zum Zeitpunkt der Absendung der Nachricht werden zudem folgende Daten \u00fcbermittelt und gespeichert:<\/p>\n\n\n\n<ol class=\"wp-block-list\">\n<li>Datum und Uhrzeit Ihrer Anfrage<\/li>\n\n\n\n<li>URL, von der die Anfrage erfolgte<\/li>\n\n\n\n<li>IP-Adresse<\/li>\n\n\n\n<li>Art der Anfrage (Auswahlfeld)<\/li>\n\n\n\n<li>Vorname und Name sowie die pers\u00f6nliche E-Mail Adresse<\/li>\n\n\n\n<li>Inhalt des Kommentars respektive der Nachricht<\/li>\n<\/ol>\n\n\n\n<p>Bei der Kontaktaufnahme mit uns (per Kontaktformular oder Email) werden die Angaben des Nutzers zwecks Bearbeitung und Beantwortung der Anfrage sowie f\u00fcr den Fall, dass unsererseits Anschlussfragen entstehen, gespeichert. Personenbezogene Daten werden gel\u00f6scht, sofern sie ihren Verwendungszweck erf\u00fcllt haben und der L\u00f6schung keine Aufbewahrungspflichten entgegenstehen.<\/p>\n\n\n\n<p><strong>Versand Fachnewsletter<\/strong><\/p>\n\n\n\n<p>Auf unserer Website bieten wir Ihnen die M\u00f6glichkeit, sich unter Angabe Ihrer Personendaten f\u00fcr den Abschluss von Abonnementen zu registrieren. Die Daten werden dabei in eine Eingabemaske eingegeben und an uns \u00fcbermittelt und gespeichert. Eine Weitergabe der Daten an Dritte findet nicht statt und im Rahmen des Registrierungsprozesses wird Ihre Einwilligung zur Verarbeitung Ihrer Daten eingeholt. Ihre Daten werden anschliessend ausschliesslich dazu verwendet, Sie \u00fcber die Ver\u00f6ffentlichung des abonnierten Fachnewsletter per E-Mail zu informieren und, soweit Sie zus\u00e4tzlich eingewilligt haben, auszuwerten, wie Sie den Newsletter und ggf. darin verlinkte Inhalte nutzen. Die Angabe Ihres Namens erfolgt, um Sie im Newsletter pers\u00f6nlich ansprechen zu k\u00f6nnen und ggf. zu identifizieren, falls Sie von Ihren Rechten als Betroffene*r Gebrauch machen wollen.<\/p>\n\n\n\n<p>Um zu \u00fcberpr\u00fcfen, dass eine Abonnement-Anmeldung tats\u00e4chlich durch Inhabende einer E-Mail-Adresse erfolgte, setzen wir bei der Online-Anmeldung das \u201eDouble-Opt-in\u201c-Verfahren (DOI-Verfahren) ein. Dies bedeutet, dass Sie im Anschluss an Ihre Newsletter-Anmeldung eine E-Mail erhalten, in der Sie Ihre Fachnewsletter-Anmeldung durch Klick auf einen Link best\u00e4tigen m\u00fcssen.<\/p>\n\n\n\n<p><strong>Kommentarfunktion<\/strong><\/p>\n\n\n\n<p>Zu einigen Inhalten auf unserer Website gibt es eine freiwillige Kommentarfunktion, mittels der Sie Ihre Fachmeinung zu einem ver\u00f6ffentlichten Beitrag des Fachnewsletters mitteilen k\u00f6nnen. Der Kommentar wird nach positiver Pr\u00fcfung freigegeben und erscheint \u00f6ffentlich bei dem Inhalt, wo der Kommentar abgeschickt wurde. Einen Anspruch auf Freigabe eines Kommentars gibt es nicht. Wenn Sie Ihren Kommentar auf unserer Website hinterlassen, wird Ihr Name erhoben und \u00f6ffentlich angezeigt. Zus\u00e4tzlich wird Ihre E-Mail-Adresse erhoben. Dies dient dazu, Sie bzgl. des Status Ihres Kommentars zu informieren. Die E-Mail-Adresse wird nicht \u00f6ffentlich angezeigt, nicht an Dritte weitergegeben und nicht manuell ausgewertet. Neben diesen Angaben werden auch der Zeitpunkt der Erstellung und Ihre IP-Adresse gespeichert. Dies dient der Sicherheit des Websitebetreibers, um im Falle von Rechtsverletzungen (zivil- oder strafrechtlicher Natur) gegen den Verfasser, die Verfasserin des Kommentars vorgehen zu k\u00f6nnen.<\/p>\n\n\n\n<p><strong>Verwendung von Cookies<\/strong><\/p>\n\n\n\n<p>Ein Cookie ist ein kleiner Datensatz, der beim Besuch einer Website erstellt und auf dem System des Nutzers zwischengespeichert wird. Wird der Server dieser Website erneut von diesem System aufgerufen, sendet der Browser das zuvor empfangene Cookie wieder zur\u00fcck an den Server. Der Server kann die durch dieses Verfahren erhaltenen Informationen auswerten. Durch Cookies kann insbesondere das Navigieren auf einer Website erleichtert werden. Cookies helfen dabei, eine Webseite nutzbar zu machen, indem sie Grundfunktionen wie Seitennavigation und Zugriff auf sichere Bereiche der Webseite erm\u00f6glichen.<\/p>\n\n\n\n<p>Die Betrachtung dieser Website ist auch unter Ausschluss von Cookies m\u00f6glich. Falls die Nutzer nicht m\u00f6chten, dass Cookies auf ihrem Rechner gespeichert werden, werden sie gebeten die entsprechende Option in den Systemeinstellungen ihres Browsers zu deaktivieren. Gespeicherte Cookies k\u00f6nnen in den Systemeinstellungen des Browsers gel\u00f6scht werden. Der Ausschluss von Cookies kann zu Funktionseinschr\u00e4nkungen dieses Onlineangebotes f\u00fchren. Es besteht die M\u00f6glichkeit, viele Online-Anzeigen-Cookies von Unternehmen \u00fcber die US-amerikanische Seite\u00a0<a href=\"http:\/\/www.aboutads.info\/choices\" target=\"_blank\" rel=\"noreferrer noopener\">http:\/\/www.aboutads.info\/choices<\/a> oder die EU-Seite\u00a0<a href=\"http:\/\/www.youronlinechoices.com\/uk\/your-ad-choices\/\" target=\"_blank\" rel=\"noreferrer noopener\">http:\/\/www.youronlinechoices.com\/uk\/your-ad-choices\/<\/a>\u00a0zu verwalten.<\/p>\n\n\n\n<p><strong>Rechte der Nutzer*innen<\/strong><\/p>\n\n\n\n<p>Sie haben die folgenden Rechte in Bezug auf Personendaten, die Sie betreffen:<\/p>\n\n\n\n<ul class=\"wp-block-list\">\n<li>das Recht, Auskunft dar\u00fcber zu erhalten, welche Personendaten wir von Ihnen speichern und wie wir diese bearbeiten;<\/li>\n\n\n\n<li>das Recht auf Herausgabe einer Kopie Ihrer Personendaten in einem g\u00e4ngigen Format;<\/li>\n\n\n\n<li>das Recht auf Berichtigung Ihrer Personendaten;<\/li>\n\n\n\n<li>das Recht auf L\u00f6schung Ihrer Personendaten;<\/li>\n\n\n\n<li>das Recht, Bearbeitungen Ihrer Personendaten zu widersprechen.<\/li>\n<\/ul>\n\n\n\n<p>Beachten Sie bitte, dass f\u00fcr diese Rechte Ausnahmen gelten. Soweit rechtlich zul\u00e4ssig, k\u00f6nnen wir Ihre Anfrage zur Aus\u00fcbung dieser Rechte ablehnen. Eine erteilte Einwilligung in die Verarbeitung personenbezogener Daten k\u00f6nnen Sie jederzeit uns gegen\u00fcber widerrufen. Bitte beachten Sie, dass der Widerruf erst f\u00fcr die Zukunft wirkt. Bearbeitungen, die vor dem Widerruf erfolgt sind, sind davon nicht betroffen. F\u00fcr eine Auskunft \u00fcber die von uns bearbeiteten Personendaten, senden Sie Ihr Auskunftsbegehren bitte an erb@ernaehrungsexpertise.ch<\/p>\n\n\n\n<p><strong>\u00c4nderung der Datenschutzerkl\u00e4rung<\/strong><\/p>\n\n\n\n<p>Wir behalten uns vor, die Datenschutzerkl\u00e4rung zu \u00e4ndern, um sie an ge\u00e4nderte Rechtslagen, oder bei \u00c4nderungen des Dienstes sowie der Datenverarbeitung anzupassen. Dies gilt jedoch nur im Hinblick auf Erkl\u00e4rungen zur Datenverarbeitung. Sofern Einwilligungen der Nutzer erforderlich sind oder Bestandteile der Datenschutzerkl\u00e4rung Regelungen des Vertragsverh\u00e4ltnisses mit den Nutzern enthalten, erfolgen die \u00c4nderungen nur mit Zustimmung der Nutzer. Die Nutzer werden gebeten sich regelm\u00e4ssig \u00fcber den Inhalt der Datenschutzerkl\u00e4rung zu informieren.<\/p>\n\n\n\n<p>Stand: 20.03.2024 Simone F\u00f6hn<\/p>\n","protected":false},"excerpt":{"rendered":"<p>Kontaktdaten Verantwortliche Datenschutz im Sinne des DSG: Simone F\u00f6hn c\/o Logop\u00e4die im Zentrum AG Vordere Vorstadt 8 5000 Aarau Website-Adresse: http:\/\/ernaehrungsexpertise.ch E-Mail-Kontakt erb@ernaehrungsexpertise.ch Beschreibung und Umfang der Datenbearbeitung Wenn Sie auf unsere Website zugreifen, d.h., selbst wenn Sie sich nicht f\u00fcr ein Fachnewsletter-Abonnement registrieren oder anderweitig Informationen \u00fcbermitteln, werden automatisch Informationen allgemeiner Natur erfasst. Diese &hellip; <\/p>\n","protected":false},"author":283,"featured_media":36,"parent":0,"menu_order":0,"comment_status":"closed","ping_status":"closed","template":"","meta":{"episode_type":"","audio_file":"","podmotor_file_id":"","podmotor_episode_id":"","cover_image":"","cover_image_id":"","duration":"","filesize":"","filesize_raw":"","date_recorded":"","explicit":"","block":"","itunes_episode_number":"","itunes_title":"","itunes_season_number":"","itunes_episode_type":"","footnotes":""},"class_list":["post-3","page","type-page","status-publish","has-post-thumbnail","hentry","latest_post"],"_links":{"self":[{"href":"https:\/\/ernaehrungsexpertise.ch\/index.php?rest_route=\/wp\/v2\/pages\/3","targetHints":{"allow":["GET"]}}],"collection":[{"href":"https:\/\/ernaehrungsexpertise.ch\/index.php?rest_route=\/wp\/v2\/pages"}],"about":[{"href":"https:\/\/ernaehrungsexpertise.ch\/index.php?rest_route=\/wp\/v2\/types\/page"}],"author":[{"embeddable":true,"href":"https:\/\/ernaehrungsexpertise.ch\/index.php?rest_route=\/wp\/v2\/users\/283"}],"replies":[{"embeddable":true,"href":"https:\/\/ernaehrungsexpertise.ch\/index.php?rest_route=%2Fwp%2Fv2%2Fcomments&post=3"}],"version-history":[{"count":9,"href":"https:\/\/ernaehrungsexpertise.ch\/index.php?rest_route=\/wp\/v2\/pages\/3\/revisions"}],"predecessor-version":[{"id":4965,"href":"https:\/\/ernaehrungsexpertise.ch\/index.php?rest_route=\/wp\/v2\/pages\/3\/revisions\/4965"}],"wp:featuredmedia":[{"embeddable":true,"href":"https:\/\/ernaehrungsexpertise.ch\/index.php?rest_route=\/wp\/v2\/media\/36"}],"wp:attachment":[{"href":"https:\/\/ernaehrungsexpertise.ch\/index.php?rest_route=%2Fwp%2Fv2%2Fmedia&parent=3"}],"curies":[{"name":"wp","href":"https:\/\/api.w.org\/{rel}","templated":true}]}}