{"id":1969,"date":"2021-03-03T07:41:00","date_gmt":"2021-03-03T07:41:00","guid":{"rendered":"https:\/\/ernaehrungsexpertise.ch\/?page_id=1969"},"modified":"2021-03-12T07:25:38","modified_gmt":"2021-03-12T07:25:38","slug":"weiterempfehlen","status":"publish","type":"page","link":"https:\/\/ernaehrungsexpertise.ch\/?page_id=1969","title":{"rendered":"Weiterempfehlen: 1 Monat geschenkt"},"content":{"rendered":"\n<p class=\"has-text-color\" style=\"color:#2e4d58\"><strong>Gef\u00e4llt Ihnen der Fachnewsletter? M\u00f6chten Sie ihn einer Kollegin oder einem Kollegen weiterempfehlen?<\/strong> <strong>Dann schenken wir Ihnen eine Weiterempfehlungs-Pr\u00e4mie:<\/strong><\/p>\n\n\n\n<p class=\"has-text-color has-background\" style=\"background-color:#eee5db;color:#2e4d58\">Wir danken Ihnen f\u00fcr Ihr Interesse und Ihr Vertrauen. Wenn Sie eine weitere Person vom Fachnewsletter-Abo \u00fcberzeugen k\u00f6nnen, profitieren Sie selbst <strong>von einem Monat Reduktion auf Ihre n\u00e4chste Bestellung eines Fachnewsletter-Abos.<\/strong><\/p>\n\n\n\n<p class=\"has-text-color has-background\" style=\"background-color:#eee5db;color:#2e4d58\"><strong>Hinweis:<\/strong> Sollten Sie mehrere Personen kennen und f\u00fcr ein Fachnewsletter-Abo begeistern k\u00f6nnen, <strong>wird Ihnen die Pr\u00e4mie f\u00fcr jedes neue Mitglied bzw. jede neue Abo-Bestellung kumuliert und gew\u00e4hrt.<\/strong><\/p>\n\n\n\n<p>So kann Ihre Kollegin \/ Ihr Kollege vorgehen:<\/p>\n\n\n\n<ul class=\"wp-block-list\"><li>Bei der Bestellung eines neuen Fachnewsletter-Abos (<a href=\"https:\/\/ernaehrungsexpertise.ch\/?page_id=1142\" data-type=\"URL\" data-id=\"https:\/\/ernaehrungsexpertise.ch\/?page_id=1142\" target=\"_blank\" rel=\"noreferrer noopener\">hier<\/a>) kann Ihr Name bei <strong>&#8220;Ich l\u00f6se das Abo auf Empfehlung von&#8230;&#8221;<\/strong> eingetragen werden.<\/li><li>Wir \u00fcberpr\u00fcfen dann diese Angaben bei Bestellungseingang. <\/li><li>Sie erhalten die Pr\u00e4mie dann bei der Bestellung Ihres n\u00e4chsten Fachnewsletter-Abos. <\/li><\/ul>\n","protected":false},"excerpt":{"rendered":"<p>Gef\u00e4llt Ihnen der Fachnewsletter? M\u00f6chten Sie ihn einer Kollegin oder einem Kollegen weiterempfehlen? Dann schenken wir Ihnen eine Weiterempfehlungs-Pr\u00e4mie: Wir danken Ihnen f\u00fcr Ihr Interesse und Ihr Vertrauen. Wenn Sie eine weitere Person vom Fachnewsletter-Abo \u00fcberzeugen k\u00f6nnen, profitieren Sie selbst von einem Monat Reduktion auf Ihre n\u00e4chste Bestellung eines Fachnewsletter-Abos. Hinweis: Sollten Sie mehrere Personen &hellip; <\/p>\n","protected":false},"author":283,"featured_media":36,"parent":0,"menu_order":0,"comment_status":"closed","ping_status":"closed","template":"","meta":{"episode_type":"","audio_file":"","podmotor_file_id":"","podmotor_episode_id":"","cover_image":"","cover_image_id":"","duration":"","filesize":"","filesize_raw":"","date_recorded":"","explicit":"","block":"","itunes_episode_number":"","itunes_title":"","itunes_season_number":"","itunes_episode_type":"","footnotes":""},"class_list":["post-1969","page","type-page","status-publish","has-post-thumbnail","hentry","latest_post"],"_links":{"self":[{"href":"https:\/\/ernaehrungsexpertise.ch\/index.php?rest_route=\/wp\/v2\/pages\/1969","targetHints":{"allow":["GET"]}}],"collection":[{"href":"https:\/\/ernaehrungsexpertise.ch\/index.php?rest_route=\/wp\/v2\/pages"}],"about":[{"href":"https:\/\/ernaehrungsexpertise.ch\/index.php?rest_route=\/wp\/v2\/types\/page"}],"author":[{"embeddable":true,"href":"https:\/\/ernaehrungsexpertise.ch\/index.php?rest_route=\/wp\/v2\/users\/283"}],"replies":[{"embeddable":true,"href":"https:\/\/ernaehrungsexpertise.ch\/index.php?rest_route=%2Fwp%2Fv2%2Fcomments&post=1969"}],"version-history":[{"count":23,"href":"https:\/\/ernaehrungsexpertise.ch\/index.php?rest_route=\/wp\/v2\/pages\/1969\/revisions"}],"predecessor-version":[{"id":2078,"href":"https:\/\/ernaehrungsexpertise.ch\/index.php?rest_route=\/wp\/v2\/pages\/1969\/revisions\/2078"}],"wp:featuredmedia":[{"embeddable":true,"href":"https:\/\/ernaehrungsexpertise.ch\/index.php?rest_route=\/wp\/v2\/media\/36"}],"wp:attachment":[{"href":"https:\/\/ernaehrungsexpertise.ch\/index.php?rest_route=%2Fwp%2Fv2%2Fmedia&parent=1969"}],"curies":[{"name":"wp","href":"https:\/\/api.w.org\/{rel}","templated":true}]}}