{"id":1818,"date":"2021-02-24T10:27:54","date_gmt":"2021-02-24T10:27:54","guid":{"rendered":"https:\/\/ernaehrungsexpertise.ch\/?page_id=1818"},"modified":"2024-08-30T13:35:07","modified_gmt":"2024-08-30T13:35:07","slug":"fachnewsletter-einblick","status":"publish","type":"page","link":"https:\/\/ernaehrungsexpertise.ch\/?page_id=1818","title":{"rendered":"Kostenloser Einblick"},"content":{"rendered":"\n<h3 class=\"wp-block-heading has-text-color\" id=\"wie-sieht-ein-fachnewsletter-aus\" style=\"color:#2e4d58\">Wie sieht ein Fachnewsletter aus?<\/h3>\n\n\n\n<p>Untenstehend erhalten Sie kostenlosen Einblick in die April-Ausgabe 2024 des Fachnewsletters mit vier Studien-Zusammenfassungen (auf PDF und Audio klicken). Die Studien-Zusammenfassungen sind zeit- und ortsunabh\u00e4ngig 365-Tage im Jahr auf unserer Plattform einseh-, h\u00f6r- und herunterladbar. Mit einem Einzel- oder Teamabo haben Sie Zugang zu allen bisherigen Ausgaben des Fachnewsletters mit Archiv- und Suchfunktion.<\/p>\n\n\n\n<p><\/p>\n\n\n\n<h3 class=\"wp-block-heading has-text-color\" id=\"11-fachnewsletter-november-2021\" style=\"color:#2e4d58\">32. Fachnewsletter April 2024<\/h3>\n\n\n\n<ul class=\"wp-block-list\">\n<li>32a: Ern\u00e4hrung und Gesundheit in der LGBTQ-Community (<a href=\"https:\/\/ernaehrungsexpertise.ch\/wp-content\/uploads\/2024\/04\/SZF-32a_Ernaehrung-und-Gesundheit-LBGTQ.pdf\">PDF <\/a>und <a href=\"https:\/\/ernaehrungsexpertise.ch\/wp-content\/uploads\/2024\/04\/Audio-Ernaehrung-und-Gesundheit-innerhalb-der-LGBTQ-Bevoelkerung.mp3\">Audio<\/a>)<\/li>\n\n\n\n<li>32b: ChatGPT in der Ern\u00e4hrungsberatung (<a href=\"https:\/\/ernaehrungsexpertise.ch\/wp-content\/uploads\/2024\/04\/SZF-32b_ChatGPT-in-der-Ernaehrungsberatung.pdf\">PDF<\/a> und <a href=\"https:\/\/ernaehrungsexpertise.ch\/wp-content\/uploads\/2024\/04\/Audio-ChatGPT-und-Chatbots-in-der-Ernaehrungsberatung-und-therapie.mp3\">Audio<\/a>)<\/li>\n\n\n\n<li>32c: Einfluss von Chrononutrition auf die kardiovaskul\u00e4re Gesundheit (<a href=\"https:\/\/ernaehrungsexpertise.ch\/wp-content\/uploads\/2024\/04\/SZF-32c_Ernaehrung-im-zirkadian-Rhythmus.pdf\">PDF<\/a> und <a href=\"https:\/\/ernaehrungsexpertise.ch\/wp-content\/uploads\/2024\/04\/Audio-Ernaehrung-im-zirkadianen-Rhythmus.mp3\">Audio<\/a>)<\/li>\n\n\n\n<li>32d: Parenterale Ern\u00e4hrung und p\u00e4diatrische Gendermedizin (<a href=\"https:\/\/ernaehrungsexpertise.ch\/wp-content\/uploads\/2024\/04\/SZF-32d_Geschlechtsspezifische-Unterschiede-bei-paediatrischer-TPN.pdf\">PDF <\/a>und <a href=\"https:\/\/ernaehrungsexpertise.ch\/wp-content\/uploads\/2024\/04\/Audio-Parenterale-Ernaehrung-in-der-paediatrischen-Onkologie-geschlechtsspezifische-Unterschiede.mp3\">Audio<\/a>)<\/li>\n<\/ul>\n\n\n\n<p><strong>Die aktuelle Themenreihe ab September 2024 ist &#8220;Female health&#8221;!<\/strong><\/p>\n\n\n\n<figure class=\"wp-block-image size-medium is-resized\"><img loading=\"lazy\" decoding=\"async\" width=\"300\" height=\"300\" src=\"https:\/\/ernaehrungsexpertise.ch\/wp-content\/uploads\/2024\/08\/female-health-300x300.png\" alt=\"\" class=\"wp-image-5190\" style=\"width:364px;height:auto\" srcset=\"https:\/\/ernaehrungsexpertise.ch\/wp-content\/uploads\/2024\/08\/female-health-300x300.png 300w, https:\/\/ernaehrungsexpertise.ch\/wp-content\/uploads\/2024\/08\/female-health-150x150.png 150w, https:\/\/ernaehrungsexpertise.ch\/wp-content\/uploads\/2024\/08\/female-health-60x60.png 60w, https:\/\/ernaehrungsexpertise.ch\/wp-content\/uploads\/2024\/08\/female-health.png 868w\" sizes=\"auto, (max-width: 300px) 100vw, 300px\" \/><\/figure>\n\n\n\n<p>Wir tauchen f\u00fcr euch in die Studienlage zu weiblicher Gesundheit im Zusammenhang mit Ern\u00e4hrung ein. Wir planen Beitr\u00e4ge zur Ern\u00e4hrung bei Brustkrebs, PCOS und Endometriose, beleuchten die Wechseljahre oder auch den Zusammenhang vom Menstruationszyklus auf das Management von Typ 1 Diabetes.<\/p>\n\n\n\n<p><\/p>\n\n\n\n<h3 class=\"wp-block-heading has-text-color\" id=\"Finden\" style=\"color:#2e4d58\">Wo finde ich die Studien-Zusammenfassung im Mitgliederbereich?<\/h3>\n\n\n\n<p>Die Studien-Zusammenfassungen sind jeweils im Mitgliederbereich von Ern\u00e4hrungsexpertise abrufbar. F\u00fcr den Zugang ist die L\u00f6sung eines Test- oder Jahresabonnements n\u00f6tig.<\/p>\n\n\n\n<p>Klicken Sie auf der Startseite des Mitgliederbereichs (<a href=\"https:\/\/ernaehrungsexpertise.ch\/?page_id=2005\" data-type=\"link\" data-id=\"https:\/\/ernaehrungsexpertise.ch\/?page_id=2005\">Fachnewsletter-Blog\/Login-Bereich<\/a>) auf den jeweiligen Beitrag. Sie k\u00f6nnen durch das Klicken auf <strong>PDF <\/strong>oder <strong>Audio <\/strong>zu den jeweiligen Studien-Zusammenfassungen gelangen.<\/p>\n\n\n\n<p>Weitere Informationen zum Fachnewsletter finden Sie hier: <a href=\"https:\/\/ernaehrungsexpertise.ch\/?page_id=645\" data-type=\"URL\" data-id=\"https:\/\/ernaehrungsexpertise.ch\/?page_id=645\">zur\u00fcck zu den Details des Fachnewsletter-Angebots<\/a><\/p>\n\n\n\n<h3 class=\"wp-block-heading has-text-color\" id=\"haben-sie-fragen-zum-fachnewsletter\" style=\"color:#2e4d58\">Haben Sie Fragen zum Fachnewsletter?<\/h3>\n\n\n\n<p>Nehmen Sie mit uns Kontakt auf, wir freuen uns.<\/p>\n\n\n\n<div class=\"wp-block-buttons is-layout-flex wp-block-buttons-is-layout-flex\">\n<div class=\"wp-block-button is-style-fill\"><a class=\"wp-block-button__link has-background wp-element-button\" href=\"https:\/\/ernaehrungsexpertise.ch\/?page_id=201\" style=\"border-radius:13px;background-color:#2e4d58\">Kontakt aufnehmen<\/a><\/div>\n<\/div>\n","protected":false},"excerpt":{"rendered":"<p>Wie sieht ein Fachnewsletter aus? Untenstehend erhalten Sie kostenlosen Einblick in die April-Ausgabe 2024 des Fachnewsletters mit vier Studien-Zusammenfassungen (auf PDF und Audio klicken). Die Studien-Zusammenfassungen sind zeit- und ortsunabh\u00e4ngig 365-Tage im Jahr auf unserer Plattform einseh-, h\u00f6r- und herunterladbar. Mit einem Einzel- oder Teamabo haben Sie Zugang zu allen bisherigen Ausgaben des Fachnewsletters mit &hellip; <\/p>\n","protected":false},"author":283,"featured_media":5211,"parent":0,"menu_order":0,"comment_status":"closed","ping_status":"closed","template":"","meta":{"episode_type":"","audio_file":"","podmotor_file_id":"","podmotor_episode_id":"","cover_image":"","cover_image_id":"","duration":"","filesize":"","filesize_raw":"","date_recorded":"","explicit":"","block":"","itunes_episode_number":"","itunes_title":"","itunes_season_number":"","itunes_episode_type":"","footnotes":""},"class_list":["post-1818","page","type-page","status-publish","has-post-thumbnail","hentry","latest_post"],"_links":{"self":[{"href":"https:\/\/ernaehrungsexpertise.ch\/index.php?rest_route=\/wp\/v2\/pages\/1818","targetHints":{"allow":["GET"]}}],"collection":[{"href":"https:\/\/ernaehrungsexpertise.ch\/index.php?rest_route=\/wp\/v2\/pages"}],"about":[{"href":"https:\/\/ernaehrungsexpertise.ch\/index.php?rest_route=\/wp\/v2\/types\/page"}],"author":[{"embeddable":true,"href":"https:\/\/ernaehrungsexpertise.ch\/index.php?rest_route=\/wp\/v2\/users\/283"}],"replies":[{"embeddable":true,"href":"https:\/\/ernaehrungsexpertise.ch\/index.php?rest_route=%2Fwp%2Fv2%2Fcomments&post=1818"}],"version-history":[{"count":68,"href":"https:\/\/ernaehrungsexpertise.ch\/index.php?rest_route=\/wp\/v2\/pages\/1818\/revisions"}],"predecessor-version":[{"id":5233,"href":"https:\/\/ernaehrungsexpertise.ch\/index.php?rest_route=\/wp\/v2\/pages\/1818\/revisions\/5233"}],"wp:featuredmedia":[{"embeddable":true,"href":"https:\/\/ernaehrungsexpertise.ch\/index.php?rest_route=\/wp\/v2\/media\/5211"}],"wp:attachment":[{"href":"https:\/\/ernaehrungsexpertise.ch\/index.php?rest_route=%2Fwp%2Fv2%2Fmedia&parent=1818"}],"curies":[{"name":"wp","href":"https:\/\/api.w.org\/{rel}","templated":true}]}}