{"id":1153,"date":"2020-12-14T08:21:23","date_gmt":"2020-12-14T08:21:23","guid":{"rendered":"http:\/\/ernaehrungsexpertise.ch\/?page_id=1153"},"modified":"2020-12-23T07:51:24","modified_gmt":"2020-12-23T07:51:24","slug":"http-ernaehrungsexpertise-ch","status":"publish","type":"page","link":"https:\/\/ernaehrungsexpertise.ch\/","title":{"rendered":"http:\/\/ernaehrungsexpertise.ch\/"},"content":{"rendered":"","protected":false},"excerpt":{"rendered":"<p>Ern\u00e4hrungsexpertise Schweiz: Das Netzwerk f\u00fcr evidenzbasierte Ern\u00e4hrungsinformation. Hier finden Sie kurz zusammengefasste Ern\u00e4hrungsstudien auf Deutsch.<\/p>\n","protected":false},"author":283,"featured_media":0,"parent":0,"menu_order":0,"comment_status":"closed","ping_status":"closed","template":"","meta":{"episode_type":"","audio_file":"","podmotor_file_id":"","podmotor_episode_id":"","cover_image":"","cover_image_id":"","duration":"","filesize":"","filesize_raw":"","date_recorded":"","explicit":"","block":"","itunes_episode_number":"","itunes_title":"","itunes_season_number":"","itunes_episode_type":"","footnotes":""},"class_list":["post-1153","page","type-page","status-publish","hentry","latest_post"],"_links":{"self":[{"href":"https:\/\/ernaehrungsexpertise.ch\/index.php?rest_route=\/wp\/v2\/pages\/1153","targetHints":{"allow":["GET"]}}],"collection":[{"href":"https:\/\/ernaehrungsexpertise.ch\/index.php?rest_route=\/wp\/v2\/pages"}],"about":[{"href":"https:\/\/ernaehrungsexpertise.ch\/index.php?rest_route=\/wp\/v2\/types\/page"}],"author":[{"embeddable":true,"href":"https:\/\/ernaehrungsexpertise.ch\/index.php?rest_route=\/wp\/v2\/users\/283"}],"replies":[{"embeddable":true,"href":"https:\/\/ernaehrungsexpertise.ch\/index.php?rest_route=%2Fwp%2Fv2%2Fcomments&post=1153"}],"version-history":[{"count":3,"href":"https:\/\/ernaehrungsexpertise.ch\/index.php?rest_route=\/wp\/v2\/pages\/1153\/revisions"}],"predecessor-version":[{"id":1536,"href":"https:\/\/ernaehrungsexpertise.ch\/index.php?rest_route=\/wp\/v2\/pages\/1153\/revisions\/1536"}],"wp:attachment":[{"href":"https:\/\/ernaehrungsexpertise.ch\/index.php?rest_route=%2Fwp%2Fv2%2Fmedia&parent=1153"}],"curies":[{"name":"wp","href":"https:\/\/api.w.org\/{rel}","templated":true}]}}